{"id":79,"date":"2025-01-10T07:46:49","date_gmt":"2025-01-10T07:46:49","guid":{"rendered":"https:\/\/indigo-falcon-831456.hostingersite.com\/?page_id=79"},"modified":"2025-08-26T13:02:28","modified_gmt":"2025-08-26T13:02:28","slug":"servicios","status":"publish","type":"page","link":"https:\/\/phoningbee.es\/fr\/servicios\/","title":{"rendered":"Services"},"content":{"rendered":"<div data-elementor-type=\"wp-page\" data-elementor-id=\"79\" class=\"elementor elementor-79\" data-elementor-post-type=\"page\">\n\t\t\t\t\t\t<section class=\"elementor-section elementor-top-section elementor-element elementor-element-463af619 elementor-section-boxed elementor-section-height-default elementor-section-height-default\" data-id=\"463af619\" data-element_type=\"section\" data-settings=\"{&quot;background_background&quot;:&quot;classic&quot;}\">\n\t\t\t\t\t\t\t<div class=\"elementor-background-overlay\"><\/div>\n\t\t\t\t\t\t\t<div class=\"elementor-container elementor-column-gap-default\">\n\t\t\t\t\t<div class=\"elementor-column elementor-col-100 elementor-top-column elementor-element elementor-element-45a9128\" data-id=\"45a9128\" data-element_type=\"column\">\n\t\t\t<div class=\"elementor-widget-wrap elementor-element-populated\">\n\t\t\t\t\t\t\t<\/div>\n\t\t<\/div>\n\t\t\t\t\t<\/div>\n\t\t<\/section>\n\t\t\t\t<section class=\"elementor-section elementor-top-section elementor-element elementor-element-1a5c291d elementor-section-boxed elementor-section-height-default elementor-section-height-default\" data-id=\"1a5c291d\" data-element_type=\"section\" data-settings=\"{&quot;background_background&quot;:&quot;classic&quot;}\">\n\t\t\t\t\t\t<div class=\"elementor-container elementor-column-gap-no\">\n\t\t\t\t\t<div class=\"elementor-column elementor-col-100 elementor-top-column elementor-element elementor-element-4c53ae88\" data-id=\"4c53ae88\" data-element_type=\"column\">\n\t\t\t<div class=\"elementor-widget-wrap elementor-element-populated\">\n\t\t\t\t\t\t<div class=\"elementor-element elementor-element-cc6e763 elementor-widget elementor-widget-heading\" data-id=\"cc6e763\" data-element_type=\"widget\" data-widget_type=\"heading.default\">\n\t\t\t\t<div class=\"elementor-widget-container\">\n\t\t\t\t\t<h2 class=\"elementor-heading-title elementor-size-default\">Mes deux domaines d'expertise<\/h2>\t\t\t\t<\/div>\n\t\t\t\t<\/div>\n\t\t\t\t<section class=\"elementor-section elementor-inner-section elementor-element elementor-element-72d951f5 elementor-section-boxed elementor-section-height-default elementor-section-height-default\" data-id=\"72d951f5\" data-element_type=\"section\">\n\t\t\t\t\t\t<div class=\"elementor-container elementor-column-gap-default\">\n\t\t\t\t\t<div class=\"elementor-column elementor-col-50 elementor-inner-column elementor-element elementor-element-75244dbf\" data-id=\"75244dbf\" data-element_type=\"column\" data-settings=\"{&quot;background_background&quot;:&quot;classic&quot;}\">\n\t\t\t<div class=\"elementor-widget-wrap elementor-element-populated\">\n\t\t\t\t\t\t<div class=\"elementor-element elementor-element-2e07958d elementor-widget elementor-widget-image\" data-id=\"2e07958d\" data-element_type=\"widget\" data-widget_type=\"image.default\">\n\t\t\t\t<div class=\"elementor-widget-container\">\n\t\t\t\t\t\t\t\t\t\t\t\t\t\t\t<img fetchpriority=\"high\" decoding=\"async\" width=\"800\" height=\"534\" src=\"https:\/\/phoningbee.es\/wp-content\/uploads\/2025\/08\/top-view-ring-binder-1024x683.jpg\" class=\"attachment-large size-large wp-image-280\" alt=\"\" srcset=\"https:\/\/phoningbee.es\/wp-content\/uploads\/2025\/08\/top-view-ring-binder-1024x683.jpg 1024w, https:\/\/phoningbee.es\/wp-content\/uploads\/2025\/08\/top-view-ring-binder-300x200.jpg 300w, https:\/\/phoningbee.es\/wp-content\/uploads\/2025\/08\/top-view-ring-binder-768x512.jpg 768w, https:\/\/phoningbee.es\/wp-content\/uploads\/2025\/08\/top-view-ring-binder-1536x1024.jpg 1536w, https:\/\/phoningbee.es\/wp-content\/uploads\/2025\/08\/top-view-ring-binder-2048x1365.jpg 2048w\" sizes=\"(max-width: 800px) 100vw, 800px\" \/>\t\t\t\t\t\t\t\t\t\t\t\t\t\t\t<\/div>\n\t\t\t\t<\/div>\n\t\t\t\t<div class=\"elementor-element elementor-element-9aef4ce elementor-widget elementor-widget-heading\" data-id=\"9aef4ce\" data-element_type=\"widget\" data-widget_type=\"heading.default\">\n\t\t\t\t<div class=\"elementor-widget-container\">\n\t\t\t\t\t<h3 class=\"elementor-heading-title elementor-size-default\">Setting \/ Prise de rendez-vous<\/h3>\t\t\t\t<\/div>\n\t\t\t\t<\/div>\n\t\t\t\t<div class=\"elementor-element elementor-element-dd1e019 elementor-widget elementor-widget-text-editor\" data-id=\"dd1e019\" data-element_type=\"widget\" data-widget_type=\"text-editor.default\">\n\t\t\t\t<div class=\"elementor-widget-container\">\n\t\t\t\t\t\t\t\t\t<p>Dans ce domaine, je suis charg\u00e9 d'\u00e9tablir le contact avec des clients potentiels, soit par le biais d'appels \u00e0 froid, soit en qualifiant les prospects g\u00e9n\u00e9r\u00e9s par les campagnes marketing. L'objectif est de cr\u00e9er des conversations de qualit\u00e9 qui permettent de d\u00e9tecter des opportunit\u00e9s r\u00e9elles et de construire une relation initiale solide, en optimisant le temps et les ressources commerciales de l'entreprise.<\/p>\t\t\t\t\t\t\t\t<\/div>\n\t\t\t\t<\/div>\n\t\t\t\t\t<\/div>\n\t\t<\/div>\n\t\t\t\t<div class=\"elementor-column elementor-col-50 elementor-inner-column elementor-element elementor-element-276f1155\" data-id=\"276f1155\" data-element_type=\"column\" data-settings=\"{&quot;background_background&quot;:&quot;classic&quot;}\">\n\t\t\t<div class=\"elementor-widget-wrap elementor-element-populated\">\n\t\t\t\t\t\t<div class=\"elementor-element elementor-element-5d1a2a43 elementor-widget elementor-widget-image\" data-id=\"5d1a2a43\" data-element_type=\"widget\" data-widget_type=\"image.default\">\n\t\t\t\t<div class=\"elementor-widget-container\">\n\t\t\t\t\t\t\t\t\t\t\t\t\t\t\t<img decoding=\"async\" width=\"800\" height=\"534\" src=\"https:\/\/phoningbee.es\/wp-content\/uploads\/2025\/08\/empty-business-meeting-conference-room-with-graphs-diagrams-tv-background-1024x683.jpg\" class=\"attachment-large size-large wp-image-281\" alt=\"\" srcset=\"https:\/\/phoningbee.es\/wp-content\/uploads\/2025\/08\/empty-business-meeting-conference-room-with-graphs-diagrams-tv-background-1024x683.jpg 1024w, https:\/\/phoningbee.es\/wp-content\/uploads\/2025\/08\/empty-business-meeting-conference-room-with-graphs-diagrams-tv-background-300x200.jpg 300w, https:\/\/phoningbee.es\/wp-content\/uploads\/2025\/08\/empty-business-meeting-conference-room-with-graphs-diagrams-tv-background-768x512.jpg 768w, https:\/\/phoningbee.es\/wp-content\/uploads\/2025\/08\/empty-business-meeting-conference-room-with-graphs-diagrams-tv-background-1536x1024.jpg 1536w, https:\/\/phoningbee.es\/wp-content\/uploads\/2025\/08\/empty-business-meeting-conference-room-with-graphs-diagrams-tv-background-2048x1365.jpg 2048w\" sizes=\"(max-width: 800px) 100vw, 800px\" \/>\t\t\t\t\t\t\t\t\t\t\t\t\t\t\t<\/div>\n\t\t\t\t<\/div>\n\t\t\t\t<div class=\"elementor-element elementor-element-0c973a7 elementor-widget elementor-widget-heading\" data-id=\"0c973a7\" data-element_type=\"widget\" data-widget_type=\"heading.default\">\n\t\t\t\t<div class=\"elementor-widget-container\">\n\t\t\t\t\t<h3 class=\"elementor-heading-title elementor-size-default\">Cl\u00f4ture \/ Ventes<\/h3>\t\t\t\t<\/div>\n\t\t\t\t<\/div>\n\t\t\t\t<div class=\"elementor-element elementor-element-1f70525 elementor-widget elementor-widget-text-editor\" data-id=\"1f70525\" data-element_type=\"widget\" data-widget_type=\"text-editor.default\">\n\t\t\t\t<div class=\"elementor-widget-container\">\n\t\t\t\t\t\t\t\t\t<p data-start=\"603\" data-end=\"1002\">Ici, mon travail consiste principalement \u00e0 mener des entretiens de d\u00e9couverte avec des clients potentiels afin de conna\u00eetre leurs besoins et de leur pr\u00e9senter des propositions adapt\u00e9es. \u00c0 partir de ce premier contact, j'effectue un suivi strat\u00e9gique qui permet de maintenir la conversation et d'accompagner le prospect jusqu'\u00e0 la d\u00e9cision finale, ce qui permet de conclure des accords tr\u00e8s avantageux pour les deux parties.<\/p>\t\t\t\t\t\t\t\t<\/div>\n\t\t\t\t<\/div>\n\t\t\t\t\t<\/div>\n\t\t<\/div>\n\t\t\t\t\t<\/div>\n\t\t<\/section>\n\t\t\t\t<div class=\"elementor-element elementor-element-e8876cd elementor-widget elementor-widget-text-editor\" data-id=\"e8876cd\" data-element_type=\"widget\" data-widget_type=\"text-editor.default\">\n\t\t\t\t<div class=\"elementor-widget-container\">\n\t\t\t\t\t\t\t\t\t<p>Discutons-en d\u00e8s aujourd'hui et faisons le premier pas pour que vos prochaines ventes deviennent r\u00e9alit\u00e9.<\/p>\t\t\t\t\t\t\t\t<\/div>\n\t\t\t\t<\/div>\n\t\t\t\t\t<\/div>\n\t\t<\/div>\n\t\t\t\t\t<\/div>\n\t\t<\/section>\n\t\t\t\t<\/div>","protected":false},"excerpt":{"rendered":"<p>Mis dos \u00e1reas de especializaci\u00f3n Setting \/ Concertaci\u00f3n de citas En esta \u00e1rea me encargo de establecer contacto con clientes potenciales, ya sea a trav\u00e9s de llamadas en fr\u00edo o mediante la cualificaci\u00f3n de leads generados por campa\u00f1as de marketing. El objetivo es crear conversaciones de calidad que permitan detectar oportunidades reales y construir una [&hellip;]<\/p>","protected":false},"author":3,"featured_media":0,"parent":0,"menu_order":0,"comment_status":"closed","ping_status":"closed","template":"","meta":{"footnotes":""},"class_list":["post-79","page","type-page","status-publish","hentry"],"yoast_head":"<!-- This site is optimized with the Yoast SEO plugin v24.2 - https:\/\/yoast.com\/wordpress\/plugins\/seo\/ -->\n<title>Servicios -<\/title>\n<meta name=\"robots\" content=\"index, follow, max-snippet:-1, max-image-preview:large, max-video-preview:-1\" \/>\n<link rel=\"canonical\" href=\"https:\/\/phoningbee.es\/fr\/servicios\/\" \/>\n<meta property=\"og:locale\" content=\"fr_FR\" \/>\n<meta property=\"og:type\" content=\"article\" \/>\n<meta property=\"og:title\" content=\"Servicios -\" \/>\n<meta property=\"og:description\" content=\"Mis dos \u00e1reas de especializaci\u00f3n Setting \/ Concertaci\u00f3n de citas En esta \u00e1rea me encargo de establecer contacto con clientes potenciales, ya sea a trav\u00e9s de llamadas en fr\u00edo o mediante la cualificaci\u00f3n de leads generados por campa\u00f1as de marketing. El objetivo es crear conversaciones de calidad que permitan detectar oportunidades reales y construir una [&hellip;]\" \/>\n<meta property=\"og:url\" content=\"https:\/\/phoningbee.es\/fr\/servicios\/\" \/>\n<meta property=\"article:modified_time\" content=\"2025-08-26T13:02:28+00:00\" \/>\n<meta property=\"og:image\" content=\"https:\/\/phoningbee.es\/wp-content\/uploads\/2025\/08\/top-view-ring-binder-1024x683.jpg\" \/>\n<meta name=\"twitter:card\" content=\"summary_large_image\" \/>\n<meta name=\"twitter:label1\" content=\"Dur\u00e9e de lecture estim\u00e9e\" \/>\n\t<meta name=\"twitter:data1\" content=\"2 minutes\" \/>\n<script type=\"application\/ld+json\" class=\"yoast-schema-graph\">{\"@context\":\"https:\/\/schema.org\",\"@graph\":[{\"@type\":\"WebPage\",\"@id\":\"https:\/\/phoningbee.es\/fr\/servicios\/\",\"url\":\"https:\/\/phoningbee.es\/fr\/servicios\/\",\"name\":\"Servicios -\",\"isPartOf\":{\"@id\":\"https:\/\/phoningbee.es\/#website\"},\"primaryImageOfPage\":{\"@id\":\"https:\/\/phoningbee.es\/fr\/servicios\/#primaryimage\"},\"image\":{\"@id\":\"https:\/\/phoningbee.es\/fr\/servicios\/#primaryimage\"},\"thumbnailUrl\":\"https:\/\/phoningbee.es\/wp-content\/uploads\/2025\/08\/top-view-ring-binder-1024x683.jpg\",\"datePublished\":\"2025-01-10T07:46:49+00:00\",\"dateModified\":\"2025-08-26T13:02:28+00:00\",\"breadcrumb\":{\"@id\":\"https:\/\/phoningbee.es\/fr\/servicios\/#breadcrumb\"},\"inLanguage\":\"fr-FR\",\"potentialAction\":[{\"@type\":\"ReadAction\",\"target\":[\"https:\/\/phoningbee.es\/fr\/servicios\/\"]}]},{\"@type\":\"ImageObject\",\"inLanguage\":\"fr-FR\",\"@id\":\"https:\/\/phoningbee.es\/fr\/servicios\/#primaryimage\",\"url\":\"https:\/\/phoningbee.es\/wp-content\/uploads\/2025\/08\/top-view-ring-binder-1024x683.jpg\",\"contentUrl\":\"https:\/\/phoningbee.es\/wp-content\/uploads\/2025\/08\/top-view-ring-binder-1024x683.jpg\"},{\"@type\":\"BreadcrumbList\",\"@id\":\"https:\/\/phoningbee.es\/fr\/servicios\/#breadcrumb\",\"itemListElement\":[{\"@type\":\"ListItem\",\"position\":1,\"name\":\"Home\",\"item\":\"https:\/\/phoningbee.es\/\"},{\"@type\":\"ListItem\",\"position\":2,\"name\":\"Servicios\"}]},{\"@type\":\"WebSite\",\"@id\":\"https:\/\/phoningbee.es\/#website\",\"url\":\"https:\/\/phoningbee.es\/\",\"name\":\"\",\"description\":\"\",\"potentialAction\":[{\"@type\":\"SearchAction\",\"target\":{\"@type\":\"EntryPoint\",\"urlTemplate\":\"https:\/\/phoningbee.es\/?s={search_term_string}\"},\"query-input\":{\"@type\":\"PropertyValueSpecification\",\"valueRequired\":true,\"valueName\":\"search_term_string\"}}],\"inLanguage\":\"fr-FR\"}]}<\/script>\n<!-- \/ Yoast SEO plugin. -->","yoast_head_json":{"title":"Servicios -","robots":{"index":"index","follow":"follow","max-snippet":"max-snippet:-1","max-image-preview":"max-image-preview:large","max-video-preview":"max-video-preview:-1"},"canonical":"https:\/\/phoningbee.es\/fr\/servicios\/","og_locale":"fr_FR","og_type":"article","og_title":"Servicios -","og_description":"Mis dos \u00e1reas de especializaci\u00f3n Setting \/ Concertaci\u00f3n de citas En esta \u00e1rea me encargo de establecer contacto con clientes potenciales, ya sea a trav\u00e9s de llamadas en fr\u00edo o mediante la cualificaci\u00f3n de leads generados por campa\u00f1as de marketing. El objetivo es crear conversaciones de calidad que permitan detectar oportunidades reales y construir una [&hellip;]","og_url":"https:\/\/phoningbee.es\/fr\/servicios\/","article_modified_time":"2025-08-26T13:02:28+00:00","og_image":[{"url":"https:\/\/phoningbee.es\/wp-content\/uploads\/2025\/08\/top-view-ring-binder-1024x683.jpg","type":"","width":"","height":""}],"twitter_card":"summary_large_image","twitter_misc":{"Dur\u00e9e de lecture estim\u00e9e":"2 minutes"},"schema":{"@context":"https:\/\/schema.org","@graph":[{"@type":"WebPage","@id":"https:\/\/phoningbee.es\/fr\/servicios\/","url":"https:\/\/phoningbee.es\/fr\/servicios\/","name":"Servicios -","isPartOf":{"@id":"https:\/\/phoningbee.es\/#website"},"primaryImageOfPage":{"@id":"https:\/\/phoningbee.es\/fr\/servicios\/#primaryimage"},"image":{"@id":"https:\/\/phoningbee.es\/fr\/servicios\/#primaryimage"},"thumbnailUrl":"https:\/\/phoningbee.es\/wp-content\/uploads\/2025\/08\/top-view-ring-binder-1024x683.jpg","datePublished":"2025-01-10T07:46:49+00:00","dateModified":"2025-08-26T13:02:28+00:00","breadcrumb":{"@id":"https:\/\/phoningbee.es\/fr\/servicios\/#breadcrumb"},"inLanguage":"fr-FR","potentialAction":[{"@type":"ReadAction","target":["https:\/\/phoningbee.es\/fr\/servicios\/"]}]},{"@type":"ImageObject","inLanguage":"fr-FR","@id":"https:\/\/phoningbee.es\/fr\/servicios\/#primaryimage","url":"https:\/\/phoningbee.es\/wp-content\/uploads\/2025\/08\/top-view-ring-binder-1024x683.jpg","contentUrl":"https:\/\/phoningbee.es\/wp-content\/uploads\/2025\/08\/top-view-ring-binder-1024x683.jpg"},{"@type":"BreadcrumbList","@id":"https:\/\/phoningbee.es\/fr\/servicios\/#breadcrumb","itemListElement":[{"@type":"ListItem","position":1,"name":"Home","item":"https:\/\/phoningbee.es\/"},{"@type":"ListItem","position":2,"name":"Servicios"}]},{"@type":"WebSite","@id":"https:\/\/phoningbee.es\/#website","url":"https:\/\/phoningbee.es\/","name":"","description":"","potentialAction":[{"@type":"SearchAction","target":{"@type":"EntryPoint","urlTemplate":"https:\/\/phoningbee.es\/?s={search_term_string}"},"query-input":{"@type":"PropertyValueSpecification","valueRequired":true,"valueName":"search_term_string"}}],"inLanguage":"fr-FR"}]}},"_links":{"self":[{"href":"https:\/\/phoningbee.es\/fr\/wp-json\/wp\/v2\/pages\/79","targetHints":{"allow":["GET"]}}],"collection":[{"href":"https:\/\/phoningbee.es\/fr\/wp-json\/wp\/v2\/pages"}],"about":[{"href":"https:\/\/phoningbee.es\/fr\/wp-json\/wp\/v2\/types\/page"}],"author":[{"embeddable":true,"href":"https:\/\/phoningbee.es\/fr\/wp-json\/wp\/v2\/users\/3"}],"replies":[{"embeddable":true,"href":"https:\/\/phoningbee.es\/fr\/wp-json\/wp\/v2\/comments?post=79"}],"version-history":[{"count":37,"href":"https:\/\/phoningbee.es\/fr\/wp-json\/wp\/v2\/pages\/79\/revisions"}],"predecessor-version":[{"id":362,"href":"https:\/\/phoningbee.es\/fr\/wp-json\/wp\/v2\/pages\/79\/revisions\/362"}],"wp:attachment":[{"href":"https:\/\/phoningbee.es\/fr\/wp-json\/wp\/v2\/media?parent=79"}],"curies":[{"name":"wp","href":"https:\/\/api.w.org\/{rel}","templated":true}]}}